{"id":22,"date":"2015-12-28T11:17:38","date_gmt":"2015-12-28T10:17:38","guid":{"rendered":"http:\/\/inoa.si\/wordpress\/?page_id=22"},"modified":"2020-10-11T10:37:47","modified_gmt":"2020-10-11T08:37:47","slug":"kontakt","status":"publish","type":"page","link":"https:\/\/inoa.si\/wordpress\/index.php\/kontakt\/","title":{"rendered":"Kontakt"},"content":{"rendered":"<p><\/p>\n<p style=\"text-align: left;\"><strong>Inoa, Inovativne organizacije d.o.o., Ljubljana<br \/>\n<\/strong>Direktor: Ale\u0161 Leskov\u0161ek<br \/>\nNaslov: Ro\u017ean\u010deva cesta 13, 1210 Ljubljana-\u0160entvid<br \/>\nMati\u010dna \u0161tevilka: 2173212000<br \/>\nTelefon: &nbsp;01 515 61 60<br \/>\nGSM: 041 995 712<br \/>\nE-po\u0161ta: info(at)inoa.si<\/p>\n<p><\/p>","protected":false},"excerpt":{"rendered":"<p>Inoa, Inovativne organizacije d.o.o., Ljubljana Direktor: Ale\u0161 Leskov\u0161ek Naslov: Ro\u017ean\u010deva cesta 13, 1210 Ljubljana-\u0160entvid Mati\u010dna \u0161tevilka: 2173212000 Telefon: &nbsp;01 515 61 60 GSM: 041 995 712 E-po\u0161ta: info(at)inoa.si<\/p>\n","protected":false},"author":1,"featured_media":0,"parent":0,"menu_order":6,"comment_status":"closed","ping_status":"closed","template":"","meta":{"ngg_post_thumbnail":0,"footnotes":""},"class_list":["post-22","page","type-page","status-publish","hentry"],"_links":{"self":[{"href":"https:\/\/inoa.si\/wordpress\/index.php\/wp-json\/wp\/v2\/pages\/22","targetHints":{"allow":["GET"]}}],"collection":[{"href":"https:\/\/inoa.si\/wordpress\/index.php\/wp-json\/wp\/v2\/pages"}],"about":[{"href":"https:\/\/inoa.si\/wordpress\/index.php\/wp-json\/wp\/v2\/types\/page"}],"author":[{"embeddable":true,"href":"https:\/\/inoa.si\/wordpress\/index.php\/wp-json\/wp\/v2\/users\/1"}],"replies":[{"embeddable":true,"href":"https:\/\/inoa.si\/wordpress\/index.php\/wp-json\/wp\/v2\/comments?post=22"}],"version-history":[{"count":22,"href":"https:\/\/inoa.si\/wordpress\/index.php\/wp-json\/wp\/v2\/pages\/22\/revisions"}],"predecessor-version":[{"id":1139,"href":"https:\/\/inoa.si\/wordpress\/index.php\/wp-json\/wp\/v2\/pages\/22\/revisions\/1139"}],"wp:attachment":[{"href":"https:\/\/inoa.si\/wordpress\/index.php\/wp-json\/wp\/v2\/media?parent=22"}],"curies":[{"name":"wp","href":"https:\/\/api.w.org\/{rel}","templated":true}]}}