{"id":39,"date":"2015-12-28T11:42:32","date_gmt":"2015-12-28T10:42:32","guid":{"rendered":"http:\/\/inoa.si\/wordpress\/?page_id=39"},"modified":"2021-12-27T12:11:33","modified_gmt":"2021-12-27T11:11:33","slug":"trajnostni-razvoj-in-razvoj-cloveskih-virov","status":"publish","type":"page","link":"https:\/\/inoa.si\/wordpress\/index.php\/trajnostni-razvoj-in-razvoj-cloveskih-virov\/","title":{"rendered":"Trajnostni razvoj"},"content":{"rendered":"<p><\/p>\n<p style=\"text-align: justify;\">\u017divimo v obdobju, ki ga v veliki meri zaznamujeta vedno ve\u010dje zavedanje o omejenosti naravnih virov na eni strani ter hiter razvoj najrazli\u010dnej\u0161ih tehnologij na drugi strani. Inoa je sooblikovala ve\u010d podjetni\u0161kih strategij in nacionalnih politik, ki temeljijo na ozave\u0161\u010deni rabi naravnih virov, razvoju \u010dlove\u0161kih virov in na poslovnih prilo\u017enostih, ki jih ponuja trajnostni razvoj.<\/p>\n<p style=\"text-align: justify;\">Aktivno delovanje na podro\u010dju trajnostnega turizma, vklju\u010devanje lokalnega prebivalstva v iniciative za ohranjanje biotske raznolikosti in kulturne dedi\u0161\u010dine so na\u0161e temeljne usmeritve pri spodbujanju trajnostnega turizma. Izku\u0161nje ka\u017eejo, da turisti\u010dne destinacije, ki svojo ponudbo oblikujejo na temelju njim lastne, avtenti\u010dne naravne in kulturne dedi\u0161\u010dine, uspe\u0161no privabljajo najbolj za\u017eelene turiste dana\u0161njega \u010dasa \u2013 tiste z nadpovpre\u010dnimi dohodki in spo\u0161tljivim odnosom do ljudi in okolja, v katerem pre\u017eivljajo svoj prosti \u010das.<\/p>\n<p style=\"text-align: justify;\">&nbsp;<\/p>\n<p><img loading=\"lazy\" decoding=\"async\" class=\"alignnone wp-image-1276 size-full\" src=\"https:\/\/inoa.si\/wordpress\/wp-content\/uploads\/2021\/12\/IMG_5078-scaled.jpg\" alt=\"\" width=\"2560\" height=\"1919\" srcset=\"https:\/\/inoa.si\/wordpress\/wp-content\/uploads\/2021\/12\/IMG_5078-scaled.jpg 2560w, https:\/\/inoa.si\/wordpress\/wp-content\/uploads\/2021\/12\/IMG_5078-300x225.jpg 300w, https:\/\/inoa.si\/wordpress\/wp-content\/uploads\/2021\/12\/IMG_5078-1024x768.jpg 1024w, https:\/\/inoa.si\/wordpress\/wp-content\/uploads\/2021\/12\/IMG_5078-768x576.jpg 768w, https:\/\/inoa.si\/wordpress\/wp-content\/uploads\/2021\/12\/IMG_5078-1536x1152.jpg 1536w, https:\/\/inoa.si\/wordpress\/wp-content\/uploads\/2021\/12\/IMG_5078-2048x1536.jpg 2048w, https:\/\/inoa.si\/wordpress\/wp-content\/uploads\/2021\/12\/IMG_5078-620x465.jpg 620w\" sizes=\"auto, (max-width: 2560px) 100vw, 2560px\" \/><\/p>\n<p style=\"text-align: justify;\"><strong>REFERENCE<\/strong><\/p>\n<p style=\"text-align: justify;\"><strong>Agenda za konkuren\u010dnost jugo-vzhodne Anatolije 2023<br \/>\n<\/strong><strong>Naro\u010dnik: UNDP Tur\u010dija, Vlada Republike Tur\u010dije: Administracija GAP&nbsp;<\/strong><\/p>\n<p style=\"text-align: justify;\"><strong><img loading=\"lazy\" decoding=\"async\" class=\"alignnone wp-image-41 size-full\" src=\"http:\/\/inoa.si\/wordpress\/wp-content\/uploads\/2015\/12\/gap.jpg\" alt=\"gap\" width=\"870\" height=\"380\" srcset=\"https:\/\/inoa.si\/wordpress\/wp-content\/uploads\/2015\/12\/gap.jpg 870w, https:\/\/inoa.si\/wordpress\/wp-content\/uploads\/2015\/12\/gap-300x131.jpg 300w, https:\/\/inoa.si\/wordpress\/wp-content\/uploads\/2015\/12\/gap-768x335.jpg 768w\" sizes=\"auto, (max-width: 870px) 100vw, 870px\" \/><\/strong><strong><br \/>\n<\/strong>Jugovzhodna Anatolija, nekdanja Mezopotamija \u2013 zibelka civilizacije, danes sodi med najmanj razvite tur\u0161ke regije z ve\u010dinskim kurdskim prebivalstvom. Inoina svetovalka je sodelovala v mednarodni skupini strokovnjakov, katerih naloga je bila pripraviti ambiciozen program za konkuren\u010dni preboj jugo-vzhodne Anatolije. Program (agenda) na novo definira prihodnost tega obmo\u010dja in v celoti temelji na trajnostnem razvoju, ki ga bo mogo\u010de dose\u010di na podro\u010dju eko tekstilne industrije, proizvodnje obnovljive energije, ekolo\u0161kega kmetijstva in proizvodnje hrane ter razvoja trajnostnega turizma. Tur\u0161ka vlada bo v izvedbo programa investirala 12,5 milijard EUR.<\/p>\n<p><img loading=\"lazy\" decoding=\"async\" class=\"size-full wp-image-554\" src=\"http:\/\/inoa.si\/wordpress\/wp-content\/uploads\/2015\/12\/IMG_0239.jpg\" alt=\"OLYMPUS DIGITAL CAMERA\" width=\"2048\" height=\"1536\" srcset=\"https:\/\/inoa.si\/wordpress\/wp-content\/uploads\/2015\/12\/IMG_0239.jpg 2048w, https:\/\/inoa.si\/wordpress\/wp-content\/uploads\/2015\/12\/IMG_0239-300x225.jpg 300w, https:\/\/inoa.si\/wordpress\/wp-content\/uploads\/2015\/12\/IMG_0239-768x576.jpg 768w, https:\/\/inoa.si\/wordpress\/wp-content\/uploads\/2015\/12\/IMG_0239-1024x768.jpg 1024w, https:\/\/inoa.si\/wordpress\/wp-content\/uploads\/2015\/12\/IMG_0239-620x465.jpg 620w\" sizes=\"auto, (max-width: 2048px) 100vw, 2048px\" \/><\/p>\n<p><strong>Poslovni na\u010drt Eco-energy parka (EEP) Se\u017eana za potrebe podjetna Aerogel d.o.o. (2010)<\/strong><\/p>\n<p>EEP je ciljno usmerjen ekolo\u0161ki park, ki svoje poslanstvo razvija na temelju inovativnih materialov z izjemnimi lastnostmi: aerogel, caps, nanomateriali in drugi. Aplikacija teh materialov v trajnostni gradnji, logistiki, proizvodnji energije in kompozitov ter \u0161tevilnih drugih dejavnostih omogo\u010da bistveno u\u010dinkovitej\u0161o rabo energije. Isto\u010dasno ti materiali dopu\u0161\u010dajo skladi\u0161\u010denje in transport nekaterih materialov in snovi, kot so: toplota, ob\u010dutljivi plini, ki jih v preteklosti ni bilo mogo\u010de dovolj u\u010dinkovito hraniti in transportirati.<\/p>\n<p>&nbsp;<\/p>\n<p><strong>Management eko-sistema Prespanskega jezera Republike Makedonije, Gr\u010dije in Albanije: Trilateralna strategija razvoja trajnostnega turizma Prespanskega jezera<br \/>\nNaro\u010dnik: UNDP (2009-2011)<\/strong><\/p>\n<p>Prespansko jezero, ki povezuje tri dr\u017eave: Republiko Makedonijo, Gr\u010dijo in Albanijo, je eno najstarej\u0161ih tektonskih jezer na svetu. S svojo biotsko pestrostjo je ume\u0161\u010deno na seznam mokri\u0161\u010d mednarodnega pomena na podlagi Ramsarske konvencije. Prespansko jezero je unikum v evropskem prostoru tudi po tem, da povezuje tri dr\u017eave, katerih kulturna dedi\u0161\u010dina je zelo bogata in izjemno raznolika.<\/p>\n<p>Razvoj turizma ob jezeru je potrebno skrbno na\u010drtovati in ozave\u0161\u010dati lokalno prebivalstvo o dobrobitih trajnostnega turizma. Svetovalci Inoe so v sodelovanju s svetovalci podjetja La Paz vodili pripravo strategije trajnostnega turizma z vklju\u010devanjem turisti\u010dnih ponudnikov in nevladnih organizacij iz vseh treh dr\u017eav.<\/p>","protected":false},"excerpt":{"rendered":"<p>\u017divimo v obdobju, ki ga v veliki meri zaznamujeta vedno ve\u010dje zavedanje o omejenosti naravnih virov na eni strani ter hiter razvoj najrazli\u010dnej\u0161ih tehnologij na drugi strani. Inoa je sooblikovala ve\u010d podjetni\u0161kih strategij in nacionalnih politik, ki temeljijo na ozave\u0161\u010deni rabi naravnih virov, razvoju \u010dlove\u0161kih virov in na poslovnih prilo\u017enostih, ki jih ponuja trajnostni razvoj. [&hellip;]<\/p>\n","protected":false},"author":1,"featured_media":0,"parent":0,"menu_order":3,"comment_status":"closed","ping_status":"closed","template":"","meta":{"ngg_post_thumbnail":0,"footnotes":""},"class_list":["post-39","page","type-page","status-publish","hentry"],"_links":{"self":[{"href":"https:\/\/inoa.si\/wordpress\/index.php\/wp-json\/wp\/v2\/pages\/39","targetHints":{"allow":["GET"]}}],"collection":[{"href":"https:\/\/inoa.si\/wordpress\/index.php\/wp-json\/wp\/v2\/pages"}],"about":[{"href":"https:\/\/inoa.si\/wordpress\/index.php\/wp-json\/wp\/v2\/types\/page"}],"author":[{"embeddable":true,"href":"https:\/\/inoa.si\/wordpress\/index.php\/wp-json\/wp\/v2\/users\/1"}],"replies":[{"embeddable":true,"href":"https:\/\/inoa.si\/wordpress\/index.php\/wp-json\/wp\/v2\/comments?post=39"}],"version-history":[{"count":21,"href":"https:\/\/inoa.si\/wordpress\/index.php\/wp-json\/wp\/v2\/pages\/39\/revisions"}],"predecessor-version":[{"id":1278,"href":"https:\/\/inoa.si\/wordpress\/index.php\/wp-json\/wp\/v2\/pages\/39\/revisions\/1278"}],"wp:attachment":[{"href":"https:\/\/inoa.si\/wordpress\/index.php\/wp-json\/wp\/v2\/media?parent=39"}],"curies":[{"name":"wp","href":"https:\/\/api.w.org\/{rel}","templated":true}]}}